{"id":18,"date":"2024-07-12T12:59:34","date_gmt":"2024-07-12T12:59:34","guid":{"rendered":"https:\/\/academiamaracenaforma.es\/contacto\/"},"modified":"2026-03-25T21:16:16","modified_gmt":"2026-03-25T21:16:16","slug":"contacto","status":"publish","type":"page","link":"https:\/\/academiamaracenaforma.es\/en\/contacto\/","title":{"rendered":"Contacto"},"content":{"rendered":"<ul>\n<li><a href=\"https:\/\/academiamaracenaforma.es\/en\/\"><br \/>Inicio<br \/><\/a><\/li>\n<li>Contacto<\/li>\n<\/ul>\n<h1>Contacto<\/h1>\n<p>Resolvemos tus dudas por tel\u00e9fono, WhatsApp o mediante este formulario. Contacta con nosotros por el m\u00e9todo que te sea m\u00e1s c\u00f3modo. Estaremos encantados de atenderte<\/p>\n<p>\u00a0<\/p>\n<h3>Pl. Era Baja, 19, 18200 Maracena<\/h3>\n<p>\u00a0<\/p>\n<h3>+34 697 257 071<\/h3>\n<p>\u00a0<\/p>\n<h3>infomaracenaforma@gmail.com<\/h3>\n<p>\u00abLa educaci\u00f3n es el arma m\u00e1s poderosa que puedes usar para cambiar el mundo.\u00bb<br \/>Nelson Mandela<br \/><img fetchpriority=\"high\" decoding=\"async\" src=\"https:\/\/academiamaracenaforma.es\/wp-content\/uploads\/mascota-maracenaforma.png\" alt=\"\" width=\"500\" height=\"500\" \/><br \/><iframe title=\"maracena forma\" src=\"https:\/\/maps.google.com\/maps?q=maracena%20forma&amp;t=m&amp;z=17&amp;output=embed&amp;iwloc=near\" aria-label=\"maracena forma\"><\/iframe><\/p>\n\n\n<p><\/p>","protected":false},"excerpt":{"rendered":"<p>Inicio Contacto Contacto Resolvemos tus dudas por tel\u00e9fono, WhatsApp o mediante este formulario. Contacta con nosotros por el m\u00e9todo que [&hellip;]<\/p>","protected":false},"author":1,"featured_media":0,"parent":0,"menu_order":5,"comment_status":"closed","ping_status":"closed","template":"","meta":{"site-sidebar-layout":"no-sidebar","site-content-layout":"","ast-site-content-layout":"full-width-container","site-content-style":"default","site-sidebar-style":"default","ast-global-header-display":"","ast-banner-title-visibility":"","ast-main-header-display":"","ast-hfb-above-header-display":"","ast-hfb-below-header-display":"","ast-hfb-mobile-header-display":"","site-post-title":"disabled","ast-breadcrumbs-content":"","ast-featured-img":"disabled","footer-sml-layout":"","ast-disable-related-posts":"","theme-transparent-header-meta":"","adv-header-id-meta":"","stick-header-meta":"","header-above-stick-meta":"","header-main-stick-meta":"","header-below-stick-meta":"","astra-migrate-meta-layouts":"default","ast-page-background-enabled":"default","ast-page-background-meta":{"desktop":{"background-color":"var(--ast-global-color-4)","background-image":"","background-repeat":"repeat","background-position":"center center","background-size":"auto","background-attachment":"scroll","background-type":"","background-media":"","overlay-type":"","overlay-color":"","overlay-opacity":"","overlay-gradient":""},"tablet":{"background-color":"","background-image":"","background-repeat":"repeat","background-position":"center center","background-size":"auto","background-attachment":"scroll","background-type":"","background-media":"","overlay-type":"","overlay-color":"","overlay-opacity":"","overlay-gradient":""},"mobile":{"background-color":"","background-image":"","background-repeat":"repeat","background-position":"center center","background-size":"auto","background-attachment":"scroll","background-type":"","background-media":"","overlay-type":"","overlay-color":"","overlay-opacity":"","overlay-gradient":""}},"ast-content-background-meta":{"desktop":{"background-color":"var(--ast-global-color-5)","background-image":"","background-repeat":"repeat","background-position":"center center","background-size":"auto","background-attachment":"scroll","background-type":"","background-media":"","overlay-type":"","overlay-color":"","overlay-opacity":"","overlay-gradient":""},"tablet":{"background-color":"var(--ast-global-color-5)","background-image":"","background-repeat":"repeat","background-position":"center center","background-size":"auto","background-attachment":"scroll","background-type":"","background-media":"","overlay-type":"","overlay-color":"","overlay-opacity":"","overlay-gradient":""},"mobile":{"background-color":"var(--ast-global-color-5)","background-image":"","background-repeat":"repeat","background-position":"center center","background-size":"auto","background-attachment":"scroll","background-type":"","background-media":"","overlay-type":"","overlay-color":"","overlay-opacity":"","overlay-gradient":""}},"_joinchat":[],"footnotes":""},"class_list":["post-18","page","type-page","status-publish","hentry"],"yoast_head":"<!-- This site is optimized with the Yoast SEO plugin v27.5 - https:\/\/yoast.com\/product\/yoast-seo-wordpress\/ -->\n<title>Contacta con la academia -\u3010Maracena Forma\u3011<\/title>\n<meta name=\"description\" content=\"\u00a1Inscripciones abiertas! Resolvemos tus dudas por tel\u00e9fono, WhatsApp \ud83d\udc49 Contacta con nosotros por el m\u00e9todo que te sea m\u00e1s c\u00f3modo\" \/>\n<meta name=\"robots\" content=\"index, follow, max-snippet:-1, max-image-preview:large, max-video-preview:-1\" \/>\n<link rel=\"canonical\" href=\"https:\/\/academiamaracenaforma.es\/en\/contacto\/\" \/>\n<meta property=\"og:locale\" content=\"en_GB\" \/>\n<meta property=\"og:type\" content=\"article\" \/>\n<meta property=\"og:title\" content=\"Contacta con la academia -\u3010Maracena Forma\u3011\" \/>\n<meta property=\"og:description\" content=\"\u00a1Inscripciones abiertas! Resolvemos tus dudas por tel\u00e9fono, WhatsApp \ud83d\udc49 Contacta con nosotros por el m\u00e9todo que te sea m\u00e1s c\u00f3modo\" \/>\n<meta property=\"og:url\" content=\"https:\/\/academiamaracenaforma.es\/en\/contacto\/\" \/>\n<meta property=\"og:site_name\" content=\"Maracena Forma\" \/>\n<meta property=\"article:modified_time\" content=\"2026-03-25T21:16:16+00:00\" \/>\n<meta property=\"og:image\" content=\"https:\/\/academiamaracenaforma.es\/wp-content\/uploads\/mascota-maracenaforma.png\" \/>\n<meta name=\"twitter:card\" content=\"summary_large_image\" \/>\n<meta name=\"twitter:label1\" content=\"Estimated reading time\" \/>\n\t<meta name=\"twitter:data1\" content=\"1 minute\" \/>\n<script type=\"application\/ld+json\" class=\"yoast-schema-graph\">{\"@context\":\"https:\\\/\\\/schema.org\",\"@graph\":[{\"@type\":\"WebPage\",\"@id\":\"https:\\\/\\\/academiamaracenaforma.es\\\/contacto\\\/\",\"url\":\"https:\\\/\\\/academiamaracenaforma.es\\\/contacto\\\/\",\"name\":\"Contacta con la academia -\u3010Maracena Forma\u3011\",\"isPartOf\":{\"@id\":\"https:\\\/\\\/academiamaracenaforma.es\\\/#website\"},\"primaryImageOfPage\":{\"@id\":\"https:\\\/\\\/academiamaracenaforma.es\\\/contacto\\\/#primaryimage\"},\"image\":{\"@id\":\"https:\\\/\\\/academiamaracenaforma.es\\\/contacto\\\/#primaryimage\"},\"thumbnailUrl\":\"https:\\\/\\\/academiamaracenaforma.es\\\/wp-content\\\/uploads\\\/mascota-maracenaforma.png\",\"datePublished\":\"2024-07-12T12:59:34+00:00\",\"dateModified\":\"2026-03-25T21:16:16+00:00\",\"description\":\"\u00a1Inscripciones abiertas! Resolvemos tus dudas por tel\u00e9fono, WhatsApp \ud83d\udc49 Contacta con nosotros por el m\u00e9todo que te sea m\u00e1s c\u00f3modo\",\"breadcrumb\":{\"@id\":\"https:\\\/\\\/academiamaracenaforma.es\\\/contacto\\\/#breadcrumb\"},\"inLanguage\":\"en-GB\",\"potentialAction\":[{\"@type\":\"ReadAction\",\"target\":[\"https:\\\/\\\/academiamaracenaforma.es\\\/contacto\\\/\"]}]},{\"@type\":\"ImageObject\",\"inLanguage\":\"en-GB\",\"@id\":\"https:\\\/\\\/academiamaracenaforma.es\\\/contacto\\\/#primaryimage\",\"url\":\"https:\\\/\\\/academiamaracenaforma.es\\\/wp-content\\\/uploads\\\/mascota-maracenaforma.png\",\"contentUrl\":\"https:\\\/\\\/academiamaracenaforma.es\\\/wp-content\\\/uploads\\\/mascota-maracenaforma.png\"},{\"@type\":\"BreadcrumbList\",\"@id\":\"https:\\\/\\\/academiamaracenaforma.es\\\/contacto\\\/#breadcrumb\",\"itemListElement\":[{\"@type\":\"ListItem\",\"position\":1,\"name\":\"Portada\",\"item\":\"https:\\\/\\\/academiamaracenaforma.es\\\/\"},{\"@type\":\"ListItem\",\"position\":2,\"name\":\"Contacto\"}]},{\"@type\":\"WebSite\",\"@id\":\"https:\\\/\\\/academiamaracenaforma.es\\\/#website\",\"url\":\"https:\\\/\\\/academiamaracenaforma.es\\\/\",\"name\":\"Maracena Forma\",\"description\":\"\",\"potentialAction\":[{\"@type\":\"SearchAction\",\"target\":{\"@type\":\"EntryPoint\",\"urlTemplate\":\"https:\\\/\\\/academiamaracenaforma.es\\\/?s={search_term_string}\"},\"query-input\":{\"@type\":\"PropertyValueSpecification\",\"valueRequired\":true,\"valueName\":\"search_term_string\"}}],\"inLanguage\":\"en-GB\"}]}<\/script>\n<!-- \/ Yoast SEO plugin. -->","yoast_head_json":{"title":"Contacta con la academia -\u3010Maracena Forma\u3011","description":"\u00a1Inscripciones abiertas! Resolvemos tus dudas por tel\u00e9fono, WhatsApp \ud83d\udc49 Contacta con nosotros por el m\u00e9todo que te sea m\u00e1s c\u00f3modo","robots":{"index":"index","follow":"follow","max-snippet":"max-snippet:-1","max-image-preview":"max-image-preview:large","max-video-preview":"max-video-preview:-1"},"canonical":"https:\/\/academiamaracenaforma.es\/en\/contacto\/","og_locale":"en_GB","og_type":"article","og_title":"Contacta con la academia -\u3010Maracena Forma\u3011","og_description":"\u00a1Inscripciones abiertas! Resolvemos tus dudas por tel\u00e9fono, WhatsApp \ud83d\udc49 Contacta con nosotros por el m\u00e9todo que te sea m\u00e1s c\u00f3modo","og_url":"https:\/\/academiamaracenaforma.es\/en\/contacto\/","og_site_name":"Maracena Forma","article_modified_time":"2026-03-25T21:16:16+00:00","og_image":[{"url":"https:\/\/academiamaracenaforma.es\/wp-content\/uploads\/mascota-maracenaforma.png","type":"","width":"","height":""}],"twitter_card":"summary_large_image","twitter_misc":{"Estimated reading time":"1 minute"},"schema":{"@context":"https:\/\/schema.org","@graph":[{"@type":"WebPage","@id":"https:\/\/academiamaracenaforma.es\/contacto\/","url":"https:\/\/academiamaracenaforma.es\/contacto\/","name":"Contacta con la academia -\u3010Maracena Forma\u3011","isPartOf":{"@id":"https:\/\/academiamaracenaforma.es\/#website"},"primaryImageOfPage":{"@id":"https:\/\/academiamaracenaforma.es\/contacto\/#primaryimage"},"image":{"@id":"https:\/\/academiamaracenaforma.es\/contacto\/#primaryimage"},"thumbnailUrl":"https:\/\/academiamaracenaforma.es\/wp-content\/uploads\/mascota-maracenaforma.png","datePublished":"2024-07-12T12:59:34+00:00","dateModified":"2026-03-25T21:16:16+00:00","description":"\u00a1Inscripciones abiertas! Resolvemos tus dudas por tel\u00e9fono, WhatsApp \ud83d\udc49 Contacta con nosotros por el m\u00e9todo que te sea m\u00e1s c\u00f3modo","breadcrumb":{"@id":"https:\/\/academiamaracenaforma.es\/contacto\/#breadcrumb"},"inLanguage":"en-GB","potentialAction":[{"@type":"ReadAction","target":["https:\/\/academiamaracenaforma.es\/contacto\/"]}]},{"@type":"ImageObject","inLanguage":"en-GB","@id":"https:\/\/academiamaracenaforma.es\/contacto\/#primaryimage","url":"https:\/\/academiamaracenaforma.es\/wp-content\/uploads\/mascota-maracenaforma.png","contentUrl":"https:\/\/academiamaracenaforma.es\/wp-content\/uploads\/mascota-maracenaforma.png"},{"@type":"BreadcrumbList","@id":"https:\/\/academiamaracenaforma.es\/contacto\/#breadcrumb","itemListElement":[{"@type":"ListItem","position":1,"name":"Portada","item":"https:\/\/academiamaracenaforma.es\/"},{"@type":"ListItem","position":2,"name":"Contacto"}]},{"@type":"WebSite","@id":"https:\/\/academiamaracenaforma.es\/#website","url":"https:\/\/academiamaracenaforma.es\/","name":"Maracena Forma","description":"","potentialAction":[{"@type":"SearchAction","target":{"@type":"EntryPoint","urlTemplate":"https:\/\/academiamaracenaforma.es\/?s={search_term_string}"},"query-input":{"@type":"PropertyValueSpecification","valueRequired":true,"valueName":"search_term_string"}}],"inLanguage":"en-GB"}]}},"_links":{"self":[{"href":"https:\/\/academiamaracenaforma.es\/en\/wp-json\/wp\/v2\/pages\/18","targetHints":{"allow":["GET"]}}],"collection":[{"href":"https:\/\/academiamaracenaforma.es\/en\/wp-json\/wp\/v2\/pages"}],"about":[{"href":"https:\/\/academiamaracenaforma.es\/en\/wp-json\/wp\/v2\/types\/page"}],"author":[{"embeddable":true,"href":"https:\/\/academiamaracenaforma.es\/en\/wp-json\/wp\/v2\/users\/1"}],"replies":[{"embeddable":true,"href":"https:\/\/academiamaracenaforma.es\/en\/wp-json\/wp\/v2\/comments?post=18"}],"version-history":[{"count":2,"href":"https:\/\/academiamaracenaforma.es\/en\/wp-json\/wp\/v2\/pages\/18\/revisions"}],"predecessor-version":[{"id":819,"href":"https:\/\/academiamaracenaforma.es\/en\/wp-json\/wp\/v2\/pages\/18\/revisions\/819"}],"wp:attachment":[{"href":"https:\/\/academiamaracenaforma.es\/en\/wp-json\/wp\/v2\/media?parent=18"}],"curies":[{"name":"wp","href":"https:\/\/api.w.org\/{rel}","templated":true}]}}